{"id":73,"date":"2019-03-13T09:25:42","date_gmt":"2019-03-13T09:25:42","guid":{"rendered":"http:\/\/actingcoach.berlin\/?page_id=73"},"modified":"2020-10-20T20:46:13","modified_gmt":"2020-10-20T20:46:13","slug":"referenzen","status":"publish","type":"page","link":"https:\/\/benitarinne.de\/en\/referenzen","title":{"rendered":"Testimonials"},"content":{"rendered":"<p><strong>Ron Spielman: Singer \/ Guitar player \/ Composer<\/strong><\/p>\n\n\n\n<div class=\"wp-block-image\"><figure class=\"alignright size-large is-resized\"><img loading=\"lazy\" decoding=\"async\" src=\"https:\/\/benitarinne.de\/wp-content\/uploads\/2020\/07\/benita_rinne62-scaled-e1603226549410-1024x815.jpg\" alt=\"\" class=\"wp-image-277\" width=\"322\" height=\"256\" srcset=\"https:\/\/benitarinne.de\/wp-content\/uploads\/2020\/07\/benita_rinne62-scaled-e1603226549410-1024x815.jpg 1024w, https:\/\/benitarinne.de\/wp-content\/uploads\/2020\/07\/benita_rinne62-scaled-e1603226549410-300x239.jpg 300w, https:\/\/benitarinne.de\/wp-content\/uploads\/2020\/07\/benita_rinne62-scaled-e1603226549410-768x612.jpg 768w, https:\/\/benitarinne.de\/wp-content\/uploads\/2020\/07\/benita_rinne62-scaled-e1603226549410-1536x1223.jpg 1536w, https:\/\/benitarinne.de\/wp-content\/uploads\/2020\/07\/benita_rinne62-scaled-e1603226549410-16x12.jpg 16w, https:\/\/benitarinne.de\/wp-content\/uploads\/2020\/07\/benita_rinne62-scaled-e1603226549410.jpg 1920w\" sizes=\"auto, (max-width: 322px) 100vw, 322px\" \/><\/figure><\/div>\n\n\n\n<p class=\"translation-block\">For a long time I\u2018ve been searching for a way to intensify my expression as a singer on stage, to refine my performance while in concert, to deepen and shape it in a more sustained way for my audience and myself.\n...maybe to communicate with my audience in a more direct manner, to let the stories which I tell in my lyrics appear more vivid.\n\nA friend recommended Benita.\n\nThrough her experience, her ideas and her approach she has opened for me a large field which I had been unaware of so far. Through her work with me she opened a path for me which brought this quality to the surface and thereby to the outside. A new level to reach. Through her teachings with me\tthe path thither is now visible.\n\nMany thanks, Benita<\/p>\n\n\n\n<p class=\"translation-block\"><strong>Martin Markert \/ Singer \/ Actor<\/strong><br>\nBenita is not just a fantastic teacher and coach, particularly when the going gets tough she is by our side in no time bringing in such energy and passion that one has no choice than to simply excel. And that is exactly what I value and appreciate about Benita - her absolute passion, power and creativity with respect to the portrayal, presentation and the characters themselves and their souls and naturalness. In addition there\u2019s unrestrained respect towards each and every person she works with. It\u2019s always a mutual process, not a \u201cyou do it my way\u201d experience. That\u2019s why one is able to internalize in contrast to just recalling and delivering. All this is combined with an explicit preparation. Upon booking an appointment there\u2019s a detailed and extensive support via phone and e-mail.\n\nIn my case I had to perfectly prepare two leading roles with divergent characteristics within a few days. It came by short notice and was new terrain for me. Above all I was in an \u201ceight shows a week job\u201d and had no idea how to make this work. Benita got at it and in a mad tempo brought me to an authentic and successful result. To our joy Benita scoops from a gigantic pool of experience from her own work as actress and from her teaching experience in creating characters. Above all there\u2019s her life experience which to me personally matters a lot!\n\nI would like to point out that every coaching experience is an investment to further our work-even if it\u2019s initially meant to prepare for a casting. Because one always learns and discovers something that one can take in for life and apply everywhere.\nThank you, Benita!<\/p>\n\n\n\n<p class=\"translation-block\"><strong>Corinna Sommerh\u00e4user \/ Regisseurin<\/strong><br>As a coach Benita has given me my voice. Our training began with the stabilization of my voice, the finding of a clear stable tone.\n\nThrough my work with Benita I realized that my theme to find my own voice was the most important chapter for my success as director and that I should continue  my work with her as my coach. While working with her we analyzed various texts newly and differently and she posed the right questions to generate answers from within myself.\nEvery director has to ask herself in which way the text is highly relevant for her and why it should also be thrilling, current and of existential importance for others. Only then as a director I can convey a concept to my actors and enthuse my audience. To feel this wisdom and its consequences in my mind, my soul and my voice was truly the most enriching and decisive experience in my work with Benita, many thanks here for,  dear Benita.\n\nwww.corinna-sommerhaeuser.de<\/p>\n\n\n\n<div class=\"wp-block-image\"><figure class=\"alignright size-large is-resized\"><img loading=\"lazy\" decoding=\"async\" src=\"https:\/\/actingcoach.berlin\/wp-content\/uploads\/2020\/05\/testimonials-2-1024x944.jpg\" alt=\"\" class=\"wp-image-236\" width=\"344\" height=\"316\" srcset=\"https:\/\/benitarinne.de\/wp-content\/uploads\/2020\/05\/testimonials-2-1024x944.jpg 1024w, https:\/\/benitarinne.de\/wp-content\/uploads\/2020\/05\/testimonials-2-300x277.jpg 300w, https:\/\/benitarinne.de\/wp-content\/uploads\/2020\/05\/testimonials-2-768x708.jpg 768w, https:\/\/benitarinne.de\/wp-content\/uploads\/2020\/05\/testimonials-2-1536x1416.jpg 1536w, https:\/\/benitarinne.de\/wp-content\/uploads\/2020\/05\/testimonials-2.jpg 1916w\" sizes=\"auto, (max-width: 344px) 100vw, 344px\" \/><\/figure><\/div>\n\n\n\n<p class=\"translation-block\"><strong>Tanaquil T. Taubes<\/strong><br>Some teachers correct: 'no!' 'that's wrong!' etc. you on the other hand add to what I have.You encourage not only new experiences and techniques but you make sure my whole body and self are involved. I feel through our lesson that I'm unusually focused on what I'm doing, which is why you are able to make series of corrections which feel more like I'm being steered than told everything I'm doing wrong. \n\nYou taught me how to develop a song for performance, how to stay assertive and confident and take new risks. You bring me several steps forward toward getting the essence of what I want to say with the song and your teachings are entirely tailored to my strengths and weaknesses. Due to living on another continent I only get a lesson every six months and each one clearly raises my art form.<\/p>\n\n\n\n<p class=\"translation-block\"><strong>Zodwa Selele \/ Schauspielerin und S\u00e4ngerin<\/strong><br>Benita was my first acting teacher and has encouraged me to look into the emotional abysses of the characters and try out unconventional approaches and expressions, risk something. I have learned to trust: The power of the words, my impulses, my intuition and my personal expression in style. So out of the craft of my trade that I always use in my work. her decades of experience as teacher and her uninhibited interest in theatre and people enrich all our encounters.\n\nwww.zodwa-selele.de<\/p>\n\n\n\n<p class=\"translation-block\"><strong>Sandy M\u00f6lling \/ S\u00e4ngerin und Schauspielerin<\/strong><br>In Benita I fully trust. For the most diverse parts she intuitively finds my authentic expression within the shortest period of time. This process is thrilling and joyful. Her precise awareness of body language\/expression, voicing, articulation and her keen character analysis help me to arrive at an interpretation in harmony with my personality, which allows me to feel safe so that I am always best prepared for castings and rehearsals.\n\nwww.sandy-moelling.com<\/p>\n\n\n\n<p class=\"translation-block\"><strong>Paula Dombrowski \/ Schauspielerin und Schauspieldozentin<\/strong><br>Benita has introduced me to animal work, a method in which you relate a character to animals, examine and investigate their body language and then connect selected experiences of that investigation with your part. In her empathic and precise ways she has taught me the basics and principles of this approach for finding the character so that I am now able to employ it in my own teaching successfully.\n\nwww.paula-dombrowski.de<\/p>\n\n\n\n<p class=\"translation-block\"><strong>Anne-Catrin M\u00e4rzke \/ Schauspielerin<\/strong><br>Benita's passion and dedication to the art of theatre is inspiring and constructive. The key: she observes and listens carefully to me. Whether we work on a Patrick Marber play or Theodor Fontane's \u201cEffi Briest\u201d, through her treasure of experience, each and every time I find new depth in myself and in the characters I perform.\n\nwww.anne-catrin.com<\/p>","protected":false},"excerpt":{"rendered":"<p>Ron Spielman \/ S\u00e4nger \/ Gitarrist \/ Komponist\ufeff Ich habe lange nach einem Weg gesucht, meinen Ausdruck als S\u00e4nger auf der B\u00fchne intensiver zu verfeinern, meinen Vortrag auf der B\u00fchne beim Konzert tiefer und nachhaltiger f\u00fcr mich und das Publikum zu gestalten.\u2026vielleicht noch direkter mit dem Publikum zu kommunizieren, die Geschichten, die ich in meinen &hellip; <\/p>\n<p class=\"link-more\"><a href=\"https:\/\/benitarinne.de\/en\/referenzen\" class=\"more-link\">Continue reading<span class=\"screen-reader-text\"> &#8222;Testimonials&#8220;<\/span><\/a><\/p>","protected":false},"author":1,"featured_media":0,"parent":0,"menu_order":0,"comment_status":"closed","ping_status":"closed","template":"","meta":{"footnotes":""},"class_list":["post-73","page","type-page","status-publish","hentry"],"_links":{"self":[{"href":"https:\/\/benitarinne.de\/en\/wp-json\/wp\/v2\/pages\/73","targetHints":{"allow":["GET"]}}],"collection":[{"href":"https:\/\/benitarinne.de\/en\/wp-json\/wp\/v2\/pages"}],"about":[{"href":"https:\/\/benitarinne.de\/en\/wp-json\/wp\/v2\/types\/page"}],"author":[{"embeddable":true,"href":"https:\/\/benitarinne.de\/en\/wp-json\/wp\/v2\/users\/1"}],"replies":[{"embeddable":true,"href":"https:\/\/benitarinne.de\/en\/wp-json\/wp\/v2\/comments?post=73"}],"version-history":[{"count":13,"href":"https:\/\/benitarinne.de\/en\/wp-json\/wp\/v2\/pages\/73\/revisions"}],"predecessor-version":[{"id":538,"href":"https:\/\/benitarinne.de\/en\/wp-json\/wp\/v2\/pages\/73\/revisions\/538"}],"wp:attachment":[{"href":"https:\/\/benitarinne.de\/en\/wp-json\/wp\/v2\/media?parent=73"}],"curies":[{"name":"wp","href":"https:\/\/api.w.org\/{rel}","templated":true}]}}